


{"id":5849,"date":"2020-02-27T15:52:15","date_gmt":"2020-02-27T14:52:15","guid":{"rendered":"https:\/\/www.rome-roma.net\/accueil\/"},"modified":"2024-12-16T09:26:44","modified_gmt":"2024-12-16T08:26:44","slug":"accueil","status":"publish","type":"page","link":"https:\/\/www.rome-roma.net\/it\/","title":{"rendered":"Benvenuti a Roma"},"content":{"rendered":"\n<div class=\"wp-block-media-text alignwide has-media-on-the-right is-stacked-on-mobile\" id=\"imgacceuil\"><figure class=\"wp-block-media-text__media\"><img loading=\"lazy\" width=\"664\" height=\"500\" src=\"https:\/\/www.rome-roma.net\/wp-content\/uploads\/2020\/02\/rome1.jpg\" alt=\"fond de rome\" class=\"wp-image-4316 size-full\" srcset=\"https:\/\/www.rome-roma.net\/wp-content\/uploads\/2020\/02\/rome1.jpg 664w, https:\/\/www.rome-roma.net\/wp-content\/uploads\/2020\/02\/rome1-300x225.jpg 300w, https:\/\/www.rome-roma.net\/wp-content\/uploads\/2020\/02\/rome1-320x240.jpg 320w\" sizes=\"(max-width: 664px) 100vw, 664px\" \/><\/figure><div class=\"wp-block-media-text__content\">\n<p class=\"has-text-align-right\"><em>\u201cRoma, una vit\u00e0 non basta&#8221;<br><\/em><\/p>\n\n\n\n<p><strong>Roma-Roma<\/strong> vi invita nel cuore della citt\u00e0 eterna: i suoi quartieri, il Vaticano, i suoi monumenti e la loro storia.<br>Con tante foto, disegni, articoli, mappe e informazioni pratiche, vi proponiamo sia di scoprire Roma da casa che di preparare un viaggio<\/p>\n<\/div><\/div>\n\n\n\n<div class=\"componentz-content-boxes columns-3 content-boxes-1 content-boxes-icon-boxed row\"><div class=\"card-deck mb-0 mb-lg-3\"><div class=\"col col-12 col-md-6 componentz-content-box px-sm-0\"><div class=\"card mb-4 w-100 text-center rounded shadow\" style=\"background-color: #fbf9f7;\"><div class=\"card-img-top\"><a href=\"https:\/\/www.rome-roma.net\/it\/rubrica\/siti-antichi\/\" target=\"_self\"><img src=\"https:\/\/www.rome-roma.net\/wp-content\/uploads\/2020\/08\/rome-antique1.jpg\" width=\"45\" height=\"45\" \/><\/a><\/div><div class=\"card-body\"><a href=\"https:\/\/www.rome-roma.net\/it\/rubrica\/siti-antichi\/\" target=\"_self\"><h5 class=\"card-title\">Monumenti dell'antichit\u00e0<\/h5><\/a><p class=\"card-text\">Scoprire le antiche vestigia di Roma, tra cui il <a href=\"https:\/\/www.rome-roma.net\/it\/pantheon-di-roma\/\">Pantheon<\/a>, il <a href=\"https:\/\/www.rome-roma.net\/it\/colosseo\/\">Colosseo<\/a>, o il <a href=\"https:\/\/www.rome-roma.net\/it\/foro-romano\/\">Foro romano<\/a><\/p><\/div><div class=\"card-footer\"><a class=\"read-more btn\" href=\"https:\/\/www.rome-roma.net\/it\/rubrica\/siti-antichi\/\" target=\"_self\">Vedere<\/a><\/div><\/div><\/div><div class=\"col col-12 col-md-6 componentz-content-box px-sm-0\"><div class=\"card mb-4 w-100 text-center rounded shadow\" style=\"background-color: #fbf9f7;\"><div class=\"card-img-top\"><a href=\"https:\/\/www.rome-roma.net\/it\/rubrica\/piazze\/\" target=\"_self\"><img src=\"https:\/\/www.rome-roma.net\/wp-content\/uploads\/2020\/08\/places-de-rome1.jpg\" width=\"45\" height=\"45\" \/><\/a><\/div><div class=\"card-body\"><a href=\"https:\/\/www.rome-roma.net\/it\/rubrica\/piazze\/\" target=\"_self\"><h5 class=\"card-title\">Le grandi piazze<\/h5><\/a><p class=\"card-text\">Le affascinanti piazze di Roma, tra cui la <a href=\"https:\/\/www.rome-roma.net\/it\/piazza-navona\/\">Piazza Navona<\/a>, la <a href=\"https:\/\/www.rome-roma.net\/it\/piazza-san-pietro\/\">Piazza San Pietro<\/a> o la <a href=\"https:\/\/www.rome-roma.net\/it\/piazza-di-spagna\/\">Piazza di Spagna<\/a><\/p><\/div><div class=\"card-footer\"><a class=\"read-more btn\" href=\"https:\/\/www.rome-roma.net\/it\/rubrica\/piazze\/\" target=\"_self\">Vedere<\/a><\/div><\/div><\/div><div class=\"col col-12 col-md-6 componentz-content-box px-sm-0\"><div class=\"card mb-4 w-100 text-center rounded shadow\" style=\"background-color: #fbf9f7;\"><div class=\"card-img-top\"><a href=\"https:\/\/www.rome-roma.net\/it\/rubrica\/chiese\/\" target=\"_self\"><img src=\"https:\/\/www.rome-roma.net\/wp-content\/uploads\/2020\/08\/rome-basilique1.jpg\" width=\"45\" height=\"45\" \/><\/a><\/div><div class=\"card-body\"><a href=\"https:\/\/www.rome-roma.net\/it\/rubrica\/chiese\/\" target=\"_self\"><h5 class=\"card-title\">Basiliche e chiese<\/h5><\/a><p class=\"card-text\">Tra cui le grandi basiliche papali : <a href=\"https:\/\/www.rome-roma.net\/it\/piazza-san-pietro\/\">San Pietro in Vaticano<\/a>, <a href=\"https:\/\/www.rome-roma.net\/it\/basilica-di-san-giovanni-in-laterano\/\">San Giovanni in Laterano<\/a> o <a href=\"https:\/\/www.rome-roma.net\/it\/basilica-di-santa-maria-maggiore\/\">Santa Maria Maggiore<\/a><\/p><\/div><div class=\"card-footer\"><a class=\"read-more btn\" href=\"https:\/\/www.rome-roma.net\/it\/rubrica\/chiese\/\" target=\"_self\">Vedere<\/a><\/div><\/div><\/div><\/div><\/div>\n\n\n\n<div class=\"wp-block-media-text alignwide has-media-on-the-right\">\n<figure class=\"wp-block-media-text__media\"><a href=\"https:\/\/journal.rome-roma.net\" target=\"_blank\" rel=\"noopener noreferrer\"><img loading=\"lazy\" class=\"alignnone wp-image-8448\" src=\"https:\/\/www.rome-roma.net\/wp-content\/uploads\/2020\/08\/le-temps-de-caravage-rome1.jpg\" alt=\"eventi e mostre a roma\" width=\"600\" height=\"323\" srcset=\"https:\/\/www.rome-roma.net\/wp-content\/uploads\/2020\/08\/le-temps-de-caravage-rome1.jpg 600w, https:\/\/www.rome-roma.net\/wp-content\/uploads\/2020\/08\/le-temps-de-caravage-rome1-300x162.jpg 300w\" sizes=\"(max-width: 600px) 100vw, 600px\" \/><\/a><\/figure>\n<div class=\"wp-block-media-text__content\" style=\"text-align: center;\"><span style=\"font-size: 24pt;\">Expositions et \u00e9v\u00e9nements en cours \u00e0 Rome<\/span><\/div>\n<\/div>\n\n\n\n<div class=\"componentz-content-boxes columns-3 content-boxes-2 content-boxes-icon-boxed row\"><div class=\"card-deck mb-0 mb-lg-3\"><div class=\"col col-12 col-md-6 componentz-content-box px-sm-0\"><div class=\"card mb-4 w-100 text-center rounded shadow\"><div class=\"card-img-top\"><a href=\"https:\/\/www.rome-roma.net\/it\/rubrica\/roma-pratica\/\" target=\"_self\"><img src=\"https:\/\/www.rome-roma.net\/wp-content\/uploads\/2020\/02\/roma-pass-72.png\" width=\"45\" height=\"45\" \/><\/a><\/div><div class=\"card-body\"><a href=\"https:\/\/www.rome-roma.net\/it\/rubrica\/roma-pratica\/\" target=\"_self\"><h5 class=\"card-title\">Viaggio a Roma<\/h5><\/a><p class=\"card-text\">Strumenti per preparare un viaggio a Roma<\/p><\/div><div class=\"card-footer\"><a class=\"read-more btn\" href=\"https:\/\/www.rome-roma.net\/it\/rubrica\/roma-pratica\/\" target=\"_self\">Vedere<\/a><\/div><\/div><\/div><div class=\"col col-12 col-md-6 componentz-content-box px-sm-0\"><div class=\"card mb-4 w-100 text-center rounded shadow\"><div class=\"card-img-top\"><a href=\"https:\/\/www.rome-roma.net\/it\/quartiere\/quartieri-di-roma\/\" target=\"_self\"><img src=\"https:\/\/www.rome-roma.net\/wp-content\/uploads\/2020\/08\/mini-quartiers-de-rome2.jpg\" width=\"45\" height=\"45\" \/><\/a><\/div><div class=\"card-body\"><a href=\"https:\/\/www.rome-roma.net\/it\/quartiere\/quartieri-di-roma\/\" target=\"_self\"><h5 class=\"card-title\">Quartieri di Roma<\/h5><\/a><p class=\"card-text\">I diversi quartieri di Roma: interni ed esterni, Trastevere, Quirinale, Appia, ecc<\/p><\/div><div class=\"card-footer\"><a class=\"read-more btn\" href=\"https:\/\/www.rome-roma.net\/it\/quartiere\/quartieri-di-roma\/\" target=\"_self\">Vedere<\/a><\/div><\/div><\/div><div class=\"col col-12 col-md-6 componentz-content-box px-sm-0\"><div class=\"card mb-4 w-100 text-center rounded shadow\"><div class=\"card-img-top\"><a href=\"https:\/\/www.rome-roma.net\/it\/rubrica\/roma-antica\/\" target=\"_self\"><img src=\"https:\/\/www.rome-roma.net\/wp-content\/uploads\/2020\/08\/ROMA-II1.jpg\" width=\"45\" height=\"45\" \/><\/a><\/div><div class=\"card-body\"><a href=\"https:\/\/www.rome-roma.net\/it\/rubrica\/roma-antica\/\" target=\"_self\"><h5 class=\"card-title\">Roma antica e storia<\/h5><\/a><p class=\"card-text\">Articoli dedicati all&#8217;antichit\u00e0 romana e ai suoi monumenti<\/p><\/div><div class=\"card-footer\"><a class=\"read-more btn\" href=\"https:\/\/www.rome-roma.net\/it\/rubrica\/roma-antica\/\" target=\"_self\">Voir<\/a><\/div><\/div><\/div><\/div><\/div>\n\n\n\n<div class=\"wp-block-media-text alignwide has-media-on-the-right\">\n<figure class=\"wp-block-media-text__media\">\n<p><a href=\"https:\/\/www.rome-roma.net\/it\/colonna-traiana\/progetto-traiano\/integrale-della-colonna-traiana-1\/\"><img loading=\"lazy\" class=\"alignright wp-image-8490 size-medium\" src=\"https:\/\/www.rome-roma.net\/wp-content\/uploads\/2020\/08\/colonne_trajane_62091-300x200.jpg\" alt=\"vedute della colonna traiana\" width=\"300\" height=\"200\" srcset=\"https:\/\/www.rome-roma.net\/wp-content\/uploads\/2020\/08\/colonne_trajane_62091-300x200.jpg 300w, https:\/\/www.rome-roma.net\/wp-content\/uploads\/2020\/08\/colonne_trajane_62091.jpg 750w\" sizes=\"(max-width: 300px) 100vw, 300px\" \/><\/a><\/p>\n<\/figure>\n<div class=\"wp-block-media-text__content\" style=\"text-align: center;\"><span style=\"font-size: 24pt;\">Integrale della colonna Trajane<\/span><\/div>\n<\/div>\n\n\n\n<div class=\"wp-block-media-text alignwide\">\n<figure class=\"wp-block-media-text__media\"><a href=\"https:\/\/www.rome-roma.net\/tableaux.html\"><img loading=\"lazy\" class=\"alignnone wp-image-8482\" src=\"https:\/\/www.rome-roma.net\/wp-content\/uploads\/2020\/08\/david_roberts_1859_the20forum20of20rome1.jpg\" alt=\"david roberts 1859, foro romano di roma\" width=\"500\" height=\"300\"><\/a><\/figure>\n<div class=\"wp-block-media-text__content\" style=\"text-align: center;\"><span style=\"font-size: 24pt;\">Vedute di artisti del passato di Roma<\/span> <\/div>\n<\/div><br>\n\n\n\n<div class=\"wp-block-media-text alignwide has-media-on-the-right\">\n<figure class=\"wp-block-media-text__media\"><a href=\"https:\/\/www.rome-roma.net\/it\/quartiere\/lazio\/\" target=\"_blank\" rel=\"noopener noreferrer\"><img loading=\"lazy\" class=\"alignnone wp-image-8448 size-medium\" src=\"https:\/\/www.rome-roma.net\/cartes\/lazio\/mappa-lazio-550.jpg\" alt=\"Regione di Roma, Lazio\" width=\"500\" height=\"300\"><\/a><\/figure>\n<div class=\"wp-block-media-text__content\" style=\"text-align: center;\"><span style=\"font-size: 24pt;\">Scoprire il Lazio, la regione di Roma e le sue province<\/span><\/div>\n<\/div><br>\n\n\n\n<div class=\"wp-block-media-text alignwide\">\n<figure class=\"wp-block-media-text__media\"><a href=\"https:\/\/www.bestofrome.fr\/it\/idee-la-nostra-roma\/\" target=\"_blank\" rel=\"noopener noreferrer\"><img loading=\"lazy\" class=\"alignnone wp-image-8516\" src=\"https:\/\/www.rome-roma.net\/wp-content\/uploads\/2020\/08\/fior-di-luna-roma_3139-400x2671-1.jpg\" alt=\"buoni indirizzi a Roma\" width=\"400\" height=\"267\" srcset=\"https:\/\/www.rome-roma.net\/wp-content\/uploads\/2020\/08\/fior-di-luna-roma_3139-400x2671-1.jpg 400w, https:\/\/www.rome-roma.net\/wp-content\/uploads\/2020\/08\/fior-di-luna-roma_3139-400x2671-1-300x200.jpg 300w\" sizes=\"(max-width: 400px) 100vw, 400px\" \/><\/a><\/figure>\n<div class=\"wp-block-media-text__content\" style=\"text-align: center;\"><span style=\"font-size: 24pt;\">Alcuni buoni indirizzi<\/span><\/div>\n<\/div>\n\n\n\n<div class=\"wp-block-media-text alignwide has-media-on-the-right\">\n<figure class=\"wp-block-media-text__media\"><a href=\"https:\/\/www.rome-roma.net\/it\/mappa-dei-siti-turistici-in-roma\/\" target=\"_blank\" rel=\"noopener noreferrer\"><img loading=\"lazy\" class=\"alignnone wp-image-9147 size-medium\" src=\"https:\/\/www.rome-roma.net\/wp-content\/uploads\/2021\/08\/carte-interactive-rome.jpg\" alt=\"mappa interattiva di Roma con monumenti\" width=\"500\" height=\"300\"><\/a><\/figure>\n<div class=\"wp-block-media-text__content\" style=\"text-align: center;\"><span style=\"font-size: 24pt;\">Mappa di Roma interattiva con monumenti e siti<\/span><\/div>\n<\/div><br>\n","protected":false},"excerpt":{"rendered":"<p>\u201cRoma, una vit\u00e0 non basta&#8221; Roma-Roma vi invita nel cuore della citt\u00e0 eterna: i suoi quartieri, il Vaticano, i suoi monumenti e la loro storia.Con tante foto, disegni, articoli, mappe e informazioni pratiche, vi proponiamo sia di scoprire Roma da casa che di preparare un viaggio Expositions et \u00e9v\u00e9nements en cours \u00e0 Rome Integrale della [&hellip;]<\/p>\n","protected":false},"author":1,"featured_media":0,"parent":0,"menu_order":0,"comment_status":"closed","ping_status":"closed","template":"","meta":{"kt_blocks_editor_width":"","_links_to":"","_links_to_target":""},"categorie_page":[],"etiquettes_site":[],"acf":[],"yoast_head":"<!-- This site is optimized with the Yoast SEO plugin v17.4 - https:\/\/yoast.com\/wordpress\/plugins\/seo\/ -->\n<title>Benvenuti a Roma &ndash; Rome-Roma<\/title>\n<meta name=\"description\" content=\"Scoperta di Roma, risorse e informazioni sulla citt\u00e0 e il Vaticano: turismo, siti, visite, prenotazioni, itinerari, monumenti, guida e storia\" \/>\n<meta name=\"robots\" content=\"index, follow, max-snippet:-1, max-image-preview:large, max-video-preview:-1\" \/>\n<link rel=\"canonical\" href=\"https:\/\/www.rome-roma.net\/it\/\" \/>\n<meta property=\"og:locale\" content=\"it_IT\" \/>\n<meta property=\"og:type\" content=\"article\" \/>\n<meta property=\"og:title\" content=\"Benvenuti a Roma &ndash; Rome-Roma\" \/>\n<meta property=\"og:description\" content=\"Scoperta di Roma, risorse e informazioni sulla citt\u00e0 e il Vaticano: turismo, siti, visite, prenotazioni, itinerari, monumenti, guida e storia\" \/>\n<meta property=\"og:url\" content=\"https:\/\/www.rome-roma.net\/it\/\" \/>\n<meta property=\"og:site_name\" content=\"Rome-Roma\" \/>\n<meta property=\"article:modified_time\" content=\"2024-12-16T08:26:44+00:00\" \/>\n<meta property=\"og:image\" content=\"https:\/\/www.rome-roma.net\/wp-content\/uploads\/2020\/02\/rome1.jpg\" \/>\n<meta name=\"twitter:card\" content=\"summary_large_image\" \/>\n<meta name=\"twitter:label1\" content=\"Tempo di lettura stimato\" \/>\n\t<meta name=\"twitter:data1\" content=\"3 minuti\" \/>\n<script type=\"application\/ld+json\" class=\"yoast-schema-graph\">{\"@context\":\"https:\/\/schema.org\",\"@graph\":[{\"@type\":\"Organization\",\"@id\":\"https:\/\/www.rome-roma.net\/it\/#organization\",\"name\":\"Rome-Roma\",\"url\":\"https:\/\/www.rome-roma.net\/it\/\",\"sameAs\":[],\"logo\":{\"@type\":\"ImageObject\",\"@id\":\"https:\/\/www.rome-roma.net\/it\/#logo\",\"inLanguage\":\"it-IT\",\"url\":\"https:\/\/www.rome-roma.net\/wp-content\/uploads\/2025\/07\/logo-rome-roma-420.jpg\",\"contentUrl\":\"https:\/\/www.rome-roma.net\/wp-content\/uploads\/2025\/07\/logo-rome-roma-420.jpg\",\"width\":420,\"height\":420,\"caption\":\"Rome-Roma\"},\"image\":{\"@id\":\"https:\/\/www.rome-roma.net\/it\/#logo\"}},{\"@type\":\"WebSite\",\"@id\":\"https:\/\/www.rome-roma.net\/it\/#website\",\"url\":\"https:\/\/www.rome-roma.net\/it\/\",\"name\":\"Rome-Roma\",\"description\":\"Cultura & Viaggio\",\"publisher\":{\"@id\":\"https:\/\/www.rome-roma.net\/it\/#organization\"},\"potentialAction\":[{\"@type\":\"SearchAction\",\"target\":{\"@type\":\"EntryPoint\",\"urlTemplate\":\"https:\/\/www.rome-roma.net\/it\/?s={search_term_string}\"},\"query-input\":\"required name=search_term_string\"}],\"inLanguage\":\"it-IT\"},{\"@type\":\"ImageObject\",\"@id\":\"https:\/\/www.rome-roma.net\/it\/#primaryimage\",\"inLanguage\":\"it-IT\",\"url\":\"https:\/\/www.rome-roma.net\/wp-content\/uploads\/2020\/02\/rome1.jpg\",\"contentUrl\":\"https:\/\/www.rome-roma.net\/wp-content\/uploads\/2020\/02\/rome1.jpg\",\"width\":664,\"height\":500,\"caption\":\"fond de rome\"},{\"@type\":\"WebPage\",\"@id\":\"https:\/\/www.rome-roma.net\/it\/#webpage\",\"url\":\"https:\/\/www.rome-roma.net\/it\/\",\"name\":\"Benvenuti a Roma &ndash; Rome-Roma\",\"isPartOf\":{\"@id\":\"https:\/\/www.rome-roma.net\/it\/#website\"},\"primaryImageOfPage\":{\"@id\":\"https:\/\/www.rome-roma.net\/it\/#primaryimage\"},\"datePublished\":\"2020-02-27T14:52:15+00:00\",\"dateModified\":\"2024-12-16T08:26:44+00:00\",\"description\":\"Scoperta di Roma, risorse e informazioni sulla citt\\u00e0 e il Vaticano: turismo, siti, visite, prenotazioni, itinerari, monumenti, guida e storia\",\"breadcrumb\":{\"@id\":\"https:\/\/www.rome-roma.net\/it\/#breadcrumb\"},\"inLanguage\":\"it-IT\",\"potentialAction\":[{\"@type\":\"ReadAction\",\"target\":[\"https:\/\/www.rome-roma.net\/it\/\"]}]},{\"@type\":\"BreadcrumbList\",\"@id\":\"https:\/\/www.rome-roma.net\/it\/#breadcrumb\",\"itemListElement\":[{\"@type\":\"ListItem\",\"position\":1,\"name\":\"Accueil\",\"item\":\"https:\/\/www.rome-roma.net\/it\/\"},{\"@type\":\"ListItem\",\"position\":2,\"name\":\"Benvenuti a Roma\"}]}]}<\/script>\n<!-- \/ Yoast SEO plugin. -->","yoast_head_json":{"title":"Benvenuti a Roma &ndash; Rome-Roma","description":"Scoperta di Roma, risorse e informazioni sulla citt\u00e0 e il Vaticano: turismo, siti, visite, prenotazioni, itinerari, monumenti, guida e storia","robots":{"index":"index","follow":"follow","max-snippet":"max-snippet:-1","max-image-preview":"max-image-preview:large","max-video-preview":"max-video-preview:-1"},"canonical":"https:\/\/www.rome-roma.net\/it\/","og_locale":"it_IT","og_type":"article","og_title":"Benvenuti a Roma &ndash; Rome-Roma","og_description":"Scoperta di Roma, risorse e informazioni sulla citt\u00e0 e il Vaticano: turismo, siti, visite, prenotazioni, itinerari, monumenti, guida e storia","og_url":"https:\/\/www.rome-roma.net\/it\/","og_site_name":"Rome-Roma","article_modified_time":"2024-12-16T08:26:44+00:00","og_image":[{"url":"https:\/\/www.rome-roma.net\/wp-content\/uploads\/2020\/02\/rome1.jpg"}],"twitter_card":"summary_large_image","twitter_misc":{"Tempo di lettura stimato":"3 minuti"},"schema":{"@context":"https:\/\/schema.org","@graph":[{"@type":"Organization","@id":"https:\/\/www.rome-roma.net\/it\/#organization","name":"Rome-Roma","url":"https:\/\/www.rome-roma.net\/it\/","sameAs":[],"logo":{"@type":"ImageObject","@id":"https:\/\/www.rome-roma.net\/it\/#logo","inLanguage":"it-IT","url":"https:\/\/www.rome-roma.net\/wp-content\/uploads\/2025\/07\/logo-rome-roma-420.jpg","contentUrl":"https:\/\/www.rome-roma.net\/wp-content\/uploads\/2025\/07\/logo-rome-roma-420.jpg","width":420,"height":420,"caption":"Rome-Roma"},"image":{"@id":"https:\/\/www.rome-roma.net\/it\/#logo"}},{"@type":"WebSite","@id":"https:\/\/www.rome-roma.net\/it\/#website","url":"https:\/\/www.rome-roma.net\/it\/","name":"Rome-Roma","description":"Cultura & Viaggio","publisher":{"@id":"https:\/\/www.rome-roma.net\/it\/#organization"},"potentialAction":[{"@type":"SearchAction","target":{"@type":"EntryPoint","urlTemplate":"https:\/\/www.rome-roma.net\/it\/?s={search_term_string}"},"query-input":"required name=search_term_string"}],"inLanguage":"it-IT"},{"@type":"ImageObject","@id":"https:\/\/www.rome-roma.net\/it\/#primaryimage","inLanguage":"it-IT","url":"https:\/\/www.rome-roma.net\/wp-content\/uploads\/2020\/02\/rome1.jpg","contentUrl":"https:\/\/www.rome-roma.net\/wp-content\/uploads\/2020\/02\/rome1.jpg","width":664,"height":500,"caption":"fond de rome"},{"@type":"WebPage","@id":"https:\/\/www.rome-roma.net\/it\/#webpage","url":"https:\/\/www.rome-roma.net\/it\/","name":"Benvenuti a Roma &ndash; Rome-Roma","isPartOf":{"@id":"https:\/\/www.rome-roma.net\/it\/#website"},"primaryImageOfPage":{"@id":"https:\/\/www.rome-roma.net\/it\/#primaryimage"},"datePublished":"2020-02-27T14:52:15+00:00","dateModified":"2024-12-16T08:26:44+00:00","description":"Scoperta di Roma, risorse e informazioni sulla citt\u00e0 e il Vaticano: turismo, siti, visite, prenotazioni, itinerari, monumenti, guida e storia","breadcrumb":{"@id":"https:\/\/www.rome-roma.net\/it\/#breadcrumb"},"inLanguage":"it-IT","potentialAction":[{"@type":"ReadAction","target":["https:\/\/www.rome-roma.net\/it\/"]}]},{"@type":"BreadcrumbList","@id":"https:\/\/www.rome-roma.net\/it\/#breadcrumb","itemListElement":[{"@type":"ListItem","position":1,"name":"Accueil","item":"https:\/\/www.rome-roma.net\/it\/"},{"@type":"ListItem","position":2,"name":"Benvenuti a Roma"}]}]}},"_links":{"self":[{"href":"https:\/\/www.rome-roma.net\/it\/wp-json\/wp\/v2\/pages\/5849"}],"collection":[{"href":"https:\/\/www.rome-roma.net\/it\/wp-json\/wp\/v2\/pages"}],"about":[{"href":"https:\/\/www.rome-roma.net\/it\/wp-json\/wp\/v2\/types\/page"}],"author":[{"embeddable":true,"href":"https:\/\/www.rome-roma.net\/it\/wp-json\/wp\/v2\/users\/1"}],"replies":[{"embeddable":true,"href":"https:\/\/www.rome-roma.net\/it\/wp-json\/wp\/v2\/comments?post=5849"}],"version-history":[{"count":3,"href":"https:\/\/www.rome-roma.net\/it\/wp-json\/wp\/v2\/pages\/5849\/revisions"}],"predecessor-version":[{"id":29663,"href":"https:\/\/www.rome-roma.net\/it\/wp-json\/wp\/v2\/pages\/5849\/revisions\/29663"}],"wp:attachment":[{"href":"https:\/\/www.rome-roma.net\/it\/wp-json\/wp\/v2\/media?parent=5849"}],"wp:term":[{"taxonomy":"categorie_page","embeddable":true,"href":"https:\/\/www.rome-roma.net\/it\/wp-json\/wp\/v2\/categorie_page?post=5849"},{"taxonomy":"etiquettes_site","embeddable":true,"href":"https:\/\/www.rome-roma.net\/it\/wp-json\/wp\/v2\/etiquettes_site?post=5849"}],"curies":[{"name":"wp","href":"https:\/\/api.w.org\/{rel}","templated":true}]}}